{"id":2400,"date":"2025-01-04T14:29:45","date_gmt":"2025-01-04T13:29:45","guid":{"rendered":"https:\/\/www.cowork-ink.com\/?page_id=2400"},"modified":"2025-01-28T21:25:47","modified_gmt":"2025-01-28T20:25:47","slug":"agb","status":"publish","type":"page","link":"https:\/\/www.cowork-ink.com\/en\/agb\/","title":{"rendered":"GTC"},"content":{"rendered":"<section  class='av_textblock_section av-m5qp42rq-20a90b98630d31ad0e552256325608ed '   itemscope=\"itemscope\" itemtype=\"https:\/\/schema.org\/CreativeWork\" ><div class='avia_textblock'  itemprop=\"text\" ><p><strong>General Terms and Conditions (GTC)<\/strong><br \/>\nfor the website www.cowork-ink.com &#8212; <strong>1. General<\/strong><br \/>\n1.1 The following General Terms and Conditions (GTC) apply to all bookings and services offered via the website www.cowork-ink.com (hereinafter &#8220;Platform&#8221;).<br \/>\n1.2 The provider of the Platform is CO\/WORK\/INK represented by Mella Weber, Holstenstr. 194c \/ 22765 Hamburg<br \/>\n1.3 We do not recognize any deviating terms and conditions of the user unless we expressly agree to their validity in writing. &#8212; <strong>2. Services of the platform<\/strong><br \/>\n2.1 We offer artists (hereinafter &#8220;tenants&#8221;) the opportunity to rent workstations in our studio by the hour, day or month.<br \/>\n2.2 Tenants can tattoo their customers in the rented workstations.<br \/>\n2.3 The rental price includes the provision of consumables such as gloves, foils and disinfectants. Further details are given in the booking description.<br \/>\n2.4 Disclaimer: We only provide the premises and materials. We are not liable for the services that the tenants offer their customers. Any claims by customers are directed exclusively to the respective tenant who provided the service.<\/p>\n<p>&#8212; <strong>3. Buchung und Bezahlung<\/strong><br \/>\n3.1 Buchungen k\u00f6nnen ausschlie\u00dflich \u00fcber die Plattform oder direkt vor Ort im Studio erfolgen.<br \/>\n3.2 Die Zahlung erfolgt entweder:<br \/>\n&#8211; bar oder per Karte im Studio.<br \/>\n3.3 Alle Zahlungen m\u00fcssen am gleichen Tag er Buchung eingehen. &#8212; <strong>4. Stornierungen und R\u00fcckerstattungen<\/strong><br \/>\n4.1 Stornierungen k\u00f6nnen ausschlie\u00dflich schriftlich oder per E-Mail an Info@cowork-ink.de erfolgen.<br \/>\n4.2 Bei einer Stornierung innerhalb von 2 Tagen vor dem Buchungstermin wird der volle Betrag erstattet.<br \/>\n4.3 Stornierungen, die weniger als 24 Stunden vor dem Buchungstermin erfolgen, f\u00fchren zu einem Einbehalt der gesamten Zahlung.<br \/>\n4.4 Eine R\u00fcckerstattung erfolgt innerhalb von 14 Tagen nach Best\u00e4tigung der Stornierung. &#8212; <strong>5. Pflichten des Mieters<\/strong><br \/>\n5.1 Der Mieter verpflichtet sich, die gemieteten R\u00e4umlichkeiten und bereitgestellten Materialien pfleglich zu behandeln.<br \/>\n5.2 Der Mieter darf nur Kunden t\u00e4towieren, die alle gesetzlichen Voraussetzungen (z. B. Mindestalter, Einwilligung) erf\u00fcllen.<br \/>\n5.3 Der Arbeitsplatz ist nach Nutzung sauber und in ordnungsgem\u00e4\u00dfem Zustand zu hinterlassen.<br \/>\n5.4 Sch\u00e4den, die durch unsachgem\u00e4\u00dfe Nutzung entstehen, werden dem Mieter in Rechnung gestellt.<\/p>\n<p>&#8212; <strong>6. Haftung<\/strong><br \/>\n6.1 Haftung des Anbieters:Wir haften nur f\u00fcr Sch\u00e4den, die auf Vorsatz oder grobe Fahrl\u00e4ssigkeit unsererseits zur\u00fcckzuf\u00fchren sind. F\u00fcr Dienstleistungen, die die Mieter erbringen, \u00fcbernehmen wir keine Haftung.<br \/>\n6.2 Haftung des Mieters:Der Mieter haftet f\u00fcr alle Sch\u00e4den, die durch seine T\u00e4tigkeit oder die seiner Kunden entstehen.<br \/>\n6.3 Haftungsausschluss f\u00fcr Kunden: Kunden, die Dienstleistungen von Mietern in Anspruch nehmen, m\u00fcssen sich bei Reklamationen, Anspr\u00fcchen oder Beschwerden direkt an den jeweiligen Mieter wenden. Es besteht kein Rechtsanspruch gegen\u00fcber dem Anbieter der Plattform.<br \/>\n6.4 F\u00fcr private Gegenst\u00e4nde oder T\u00e4towiermaschinen des Mieters \u00fcbernehmen wir keine Haftung. &#8212; <strong>7. Datenschutz<\/strong><br \/>\n7.1 Der Schutz der personenbezogenen Daten unserer Kunden hat h\u00f6chste Priorit\u00e4t. Alle Informationen dazu finden Sie in unserer [Datenschutzerkl\u00e4rung].<br \/>\n7.2 Der Mieter erkl\u00e4rt sich mit der Speicherung und Verarbeitung seiner Daten im Rahmen der Buchung einverstanden. &#8212; <strong>8. Schlussbestimmungen<\/strong><br \/>\n8.1 Es gilt das Recht der Bundesrepublik Deutschland.<br \/>\n8.2 Sollten einzelne Bestimmungen dieser AGB unwirksam sein, bleibt die G\u00fcltigkeit der \u00fcbrigen Bestimmungen unber\u00fchrt.<br \/>\n8.3 \u00c4nderungen und Erg\u00e4nzungen dieser AGB bed\u00fcrfen der Schriftform.<\/p>\n<\/div><\/section>\n","protected":false},"excerpt":{"rendered":"","protected":false},"author":1,"featured_media":0,"parent":0,"menu_order":0,"comment_status":"closed","ping_status":"closed","template":"","meta":{"footnotes":""},"class_list":["post-2400","page","type-page","status-publish","hentry"],"_links":{"self":[{"href":"https:\/\/www.cowork-ink.com\/en\/wp-json\/wp\/v2\/pages\/2400","targetHints":{"allow":["GET"]}}],"collection":[{"href":"https:\/\/www.cowork-ink.com\/en\/wp-json\/wp\/v2\/pages"}],"about":[{"href":"https:\/\/www.cowork-ink.com\/en\/wp-json\/wp\/v2\/types\/page"}],"author":[{"embeddable":true,"href":"https:\/\/www.cowork-ink.com\/en\/wp-json\/wp\/v2\/users\/1"}],"replies":[{"embeddable":true,"href":"https:\/\/www.cowork-ink.com\/en\/wp-json\/wp\/v2\/comments?post=2400"}],"version-history":[{"count":8,"href":"https:\/\/www.cowork-ink.com\/en\/wp-json\/wp\/v2\/pages\/2400\/revisions"}],"predecessor-version":[{"id":2527,"href":"https:\/\/www.cowork-ink.com\/en\/wp-json\/wp\/v2\/pages\/2400\/revisions\/2527"}],"wp:attachment":[{"href":"https:\/\/www.cowork-ink.com\/en\/wp-json\/wp\/v2\/media?parent=2400"}],"curies":[{"name":"wp","href":"https:\/\/api.w.org\/{rel}","templated":true}]}}